{"id":8633,"date":"2021-12-08T22:12:25","date_gmt":"2021-12-08T21:12:25","guid":{"rendered":"https:\/\/viptransferparis.com\/?page_id=8633"},"modified":"2022-01-23T22:45:17","modified_gmt":"2022-01-23T21:45:17","slug":"espase-affilie","status":"publish","type":"page","link":"https:\/\/viptransferparis.com\/de\/espase-affilie\/","title":{"rendered":"ESPASE-AFFILIE"},"content":{"rendered":"<div class=\"wpb-content-wrapper\"><p>[vc_row][vc_column][vc_column_text]<\/p>\n<p style=\"text-align: center;\"><em><strong>PARTNERPROGRAMM<\/strong><\/em><\/p>\n<p style=\"text-align: center;\">Partnerprogramm f\u00fcr Reiseb\u00fcros, Webmaster, Reiseblogger \/ Vlogger, Site-Administrator! Verkaufen Sie Transfers oder Ausfl\u00fcge und verdienen Sie mit jeder Bestellung 10% des Gewinns von VIP TRANSFERT PARIS!<\/p>\n<p><strong>Registrieren:<\/strong> Nach der Registrierung haben Sie Zugriff auf Ihr pers\u00f6nliches Konto und k\u00f6nnen Transfers oder Ausfl\u00fcge buchen.<\/p>\n<p><strong>Verkaufen:<\/strong> Wir organisieren einen Transfer oder Ausflug, der Kunde sch\u00e4tzt den Service und Sie erhalten eine Belohnung.<\/p>\n<p><strong>Verdienen:<\/strong> Wir \u00fcberweisen die Provision monatlich oder Sie k\u00f6nnen sie direkt vom Kunden erhalten. Alle \u00c4nderungen sind in Ihrem pers\u00f6nlichen Konto sichtbar.<\/p>\n<p>&nbsp;<\/p>\n<p style=\"text-align: center;\">Bieten Sie Ihren Kunden oder Besuchern Transfers oder Ausfl\u00fcge an und verdienen Sie bis zu 10 % des Betrags jeder Bestellung!<\/p>\n<p style=\"text-align: center;\">Wenn Ihre Aktivit\u00e4t mit Reisen und Tourismus zusammenh\u00e4ngt, bietet Ihnen das Partnerprogramm von VIP TRANSFER PARIS eine zus\u00e4tzliche Einnahmequelle.<\/p>\n<p style=\"text-align: center;\">Verkaufen Sie Autotransfers oder Ausfl\u00fcge an Ihre Besucher und Kunden und erhalten Sie bis zu 10 % des Betrags jeder Bestellung. Um Geld zu verdienen, m\u00fcssen Sie sich nur f\u00fcr das Partnerprogramm anmelden.<\/p>\n<p style=\"text-align: center;\">Eine Website oder ein Blog\/Vlog zum Thema Tourismus und Reisen? Verdienen Sie Geld mit dem Verkauf von Flugtickets? Bieten Sie Ihren Kunden oder Besuchern Transfers oder Ausfl\u00fcge an und erzielen Sie zus\u00e4tzliche Einnahmen!<\/p>\n<div class=\"affiliates-dashboard\">\n\t\t<div class=\"affiliates-dashboard-sections\">\n\t\t\t<div class=\"affiliates-dashboard-section-links\">\n\t\t\t\t\t\t\t<div class='section-link-item login active'>\n\t\t\t\t\t<a href=\"https:\/\/viptransferparis.com\/de\/wp-json\/wp\/v2\/pages\/8633?affiliates-dashboard-section=login\">Anmeldung<\/a>\n\t\t\t\t<\/div>\n\t\t\t\t\t\t\t\t<div class='section-link-item registration '>\n\t\t\t\t\t<a href=\"https:\/\/viptransferparis.com\/de\/wp-json\/wp\/v2\/pages\/8633?affiliates-dashboard-section=registration\">Registrierung<\/a>\n\t\t\t\t<\/div>\n\t\t\t\t\t\t<\/div>\n\t\t\t\t<div class='affiliates-dashboard-section login'>\n\t\t\t\t<h2>Anmeldung<\/h2>\n\t<div class=\"dashboard-section dashboard-section-login\">\n\t\t<p>Bitte melde dich zum Zugriff auf den Partnerbereich an.<\/p>\n\t\t<form name=\"loginform\" id=\"loginform\" action=\"https:\/\/viptransferparis.com\/wp-login.php\" method=\"post\"><p class=\"login-username\">\n\t\t\t\t<label for=\"user_login\">Username or Email Address<\/label>\n\t\t\t\t<input type=\"text\" name=\"log\" id=\"user_login\" autocomplete=\"username\" class=\"input\" value=\"\" size=\"20\" \/>\n\t\t\t<\/p><p class=\"login-password\">\n\t\t\t\t<label for=\"user_pass\">Password<\/label>\n\t\t\t\t<input type=\"password\" name=\"pwd\" id=\"user_pass\" autocomplete=\"current-password\" spellcheck=\"false\" class=\"input\" value=\"\" size=\"20\" \/>\n\t\t\t<\/p><p class=\"login-remember\"><label><input name=\"rememberme\" type=\"checkbox\" id=\"rememberme\" value=\"forever\" \/> Remember Me<\/label><\/p><p class=\"login-submit\">\n\t\t\t\t<input type=\"submit\" name=\"wp-submit\" id=\"wp-submit\" class=\"button button-primary\" value=\"Log In\" \/>\n\t\t\t\t<input type=\"hidden\" name=\"redirect_to\" value=\"https:\/\/viptransferparis.com\/de\/espase-affilie\/\" \/>\n\t\t\t<\/p><\/form>\t<\/div>\n<style type=\"text\/css\">\n\t.dashboard-section-login .login-username label,\n\t.dashboard-section-login .login-password label {\n\t\tdisplay: block;\n\t}\n\t.dashboard-section-login .login-username input,\n\t.dashboard-section-login .login-password input {\n\t\tmax-width: 100%;\n\t\twidth: 320px;\n\t}\n<\/style>\n\t\t<\/div>\n\t\t\t<\/div>\n\t<\/div><style type=\"text\/css\">\n.affiliates-dashboard-section-links {\n\tdisplay: flex;\n\tflex-wrap: wrap;\n\ttext-align: center;\n\tbackground-color: #f2f2f2;\n\tborder-radius: 4px;\n\tmargin: 4px;\n}\n.affiliates-dashboard-section-links .section-link-item {\n\tflex-grow: 1;\n\tcursor:\u00a0pointer;\n\tborder-bottom: 4px solid #9e9e9e;\n}\n.affiliates-dashboard-section-links .section-link-item a {\n\ttext-decoration: none;\n\tpadding: 0 0.32em;\n}\n.affiliates-dashboard-section-links .section-link-item.active {\n\tfont-weight: bold;\n\tbackground-color: #e0e0e0;\n\tborder-radius: 2px;\n\tborder-bottom: 4px solid #616161;\n}\n<\/style>\n[\/vc_column_text][\/vc_column][\/vc_row]<\/p>\n<\/div>","protected":false},"excerpt":{"rendered":"<p>[vc_row][vc_column][vc_column_text] PARTNERPROGRAMM Partnerprogramm f\u00fcr Reiseb\u00fcros, Webmaster, Reiseblogger \/ Vlogger, Site-Administrator! Verkaufen Sie Transfers oder Ausfl\u00fcge und verdienen Sie mit jeder Bestellung 10% des Gewinns von VIP TRANSFERT PARIS! Registrieren: Nach der Registrierung haben Sie Zugriff auf Ihr pers\u00f6nliches Konto und k\u00f6nnen Transfers oder Ausfl\u00fcge buchen. Verkaufen: Wir organisieren einen Transfer oder Ausflug, der Kunde sch\u00e4tzt [&hellip;]<\/p>\n","protected":false},"author":1,"featured_media":0,"parent":0,"menu_order":0,"comment_status":"closed","ping_status":"closed","template":"","meta":{"_monsterinsights_skip_tracking":false,"_monsterinsights_sitenote_active":false,"_monsterinsights_sitenote_note":"","_monsterinsights_sitenote_category":0,"footnotes":""},"class_list":["post-8633","page","type-page","status-publish","hentry"],"aioseo_notices":[],"_links":{"self":[{"href":"https:\/\/viptransferparis.com\/de\/wp-json\/wp\/v2\/pages\/8633","targetHints":{"allow":["GET"]}}],"collection":[{"href":"https:\/\/viptransferparis.com\/de\/wp-json\/wp\/v2\/pages"}],"about":[{"href":"https:\/\/viptransferparis.com\/de\/wp-json\/wp\/v2\/types\/page"}],"author":[{"embeddable":true,"href":"https:\/\/viptransferparis.com\/de\/wp-json\/wp\/v2\/users\/1"}],"replies":[{"embeddable":true,"href":"https:\/\/viptransferparis.com\/de\/wp-json\/wp\/v2\/comments?post=8633"}],"version-history":[{"count":1,"href":"https:\/\/viptransferparis.com\/de\/wp-json\/wp\/v2\/pages\/8633\/revisions"}],"predecessor-version":[{"id":8635,"href":"https:\/\/viptransferparis.com\/de\/wp-json\/wp\/v2\/pages\/8633\/revisions\/8635"}],"wp:attachment":[{"href":"https:\/\/viptransferparis.com\/de\/wp-json\/wp\/v2\/media?parent=8633"}],"curies":[{"name":"wp","href":"https:\/\/api.w.org\/{rel}","templated":true}]}}