{"id":8737,"date":"2018-11-15T17:30:59","date_gmt":"2018-11-15T16:30:59","guid":{"rendered":"https:\/\/viptransferparis.com\/?page_id=8737"},"modified":"2022-01-23T23:38:28","modified_gmt":"2022-01-23T22:38:28","slug":"datenschutz-bestimmungen","status":"publish","type":"page","link":"https:\/\/viptransferparis.com\/de\/datenschutz-bestimmungen\/","title":{"rendered":"Datenschutz-Bestimmungen"},"content":{"rendered":"<p>Wer sind wir ? Unsere Website-Adresse lautet: http:\/\/viptransferparis.com. Verwendung erhobener personenbezogener Daten Kommentare Wenn Sie einen Kommentar auf unserer Website hinterlassen, werden die in das Kommentarformular eingegebenen Daten, aber auch Ihre IP-Adresse und der User-Agent Ihres Browsers erfasst, um uns zu helfen, unerw\u00fcnschte Kommentare zu erkennen. Eine anonymisierte Zeichenfolge, die aus Ihrer E-Mail-Adresse erstellt wird (auch als Hash bezeichnet), kann an den Gravatar-Dienst gesendet werden, um zu \u00fcberpr\u00fcfen, ob Sie ihn verwenden. Die Datenschutzhinweise des Gravatar-Dienstes finden Sie hier: https:\/\/automattic.com\/privacy\/. Nach der Validierung Ihres Kommentars wird Ihr Profilfoto neben Ihrem Kommentar \u00f6ffentlich sichtbar sein. Medien Wenn Sie ein registrierter Benutzer sind und Bilder auf die Website hochladen, raten wir Ihnen, das Hochladen von Bildern mit EXIF-GPS-Koordinatendaten zu vermeiden. Besucher Ihrer Website k\u00f6nnen Standortdaten aus diesen Bildern herunterladen und extrahieren. Kontaktformulare Cookies Wenn Sie einen Kommentar auf unserer Seite hinterlassen, wird Ihnen angeboten, Ihren Namen, Ihre E-Mail-Adresse und Ihre Website in Cookies zu speichern. Dies dient nur Ihrer Bequemlichkeit, damit Sie diese Informationen nicht eingeben m\u00fcssen, wenn Sie sp\u00e4ter einen weiteren Kommentar hinterlassen. Diese Cookies verfallen nach einem Jahr. Wenn Sie ein Konto haben und sich mit dieser Website verbinden, wird ein tempor\u00e4res Cookie erstellt, um festzustellen, ob Ihr Browser Cookies akzeptiert. Sie enth\u00e4lt keine personenbezogenen Daten und wird automatisch gel\u00f6scht, wenn Sie Ihren Browser schlie\u00dfen. Wenn Sie sich anmelden, setzen wir eine Reihe von Cookies, um Ihre Anmeldedaten und Bildschirmeinstellungen zu speichern. Die Lebensdauer eines Verbindungscookies betr\u00e4gt zwei Tage, die eines Bildschirmoptionscookies ein Jahr. Wenn Sie \u201eRemember me\u201c ankreuzen, wird Ihr Login-Cookie f\u00fcr zwei Wochen gespeichert. Wenn Sie sich von Ihrem Konto abmelden, wird das Login-Cookie gel\u00f6scht. Durch das Bearbeiten oder Ver\u00f6ffentlichen eines Beitrags wird ein zus\u00e4tzliches Cookie in Ihrem Browser gespeichert. Dieses Cookie enth\u00e4lt keine personenbezogenen Daten. Es zeigt nur die ID des Beitrags, den Sie gerade bearbeitet haben. Sie verf\u00e4llt nach einem Tag. Eingebettete Inhalte von anderen Websites Artikel auf dieser Website k\u00f6nnen eingebettete Inhalte enthalten (z. B. Videos, Bilder, Artikel usw.). Von anderen Websites eingebettete Inhalte verhalten sich genauso, als ob der Besucher diese andere Website besuchen w\u00fcrde. Diese Websites k\u00f6nnen Daten \u00fcber Sie sammeln, Cookies verwenden, Tracking-Tools von Drittanbietern einbetten und Ihre Interaktionen mit diesen eingebetteten Inhalten verfolgen, wenn Sie ein Konto haben, das mit ihrer Website verbunden ist. Statistiken und Reichweitenmessung Nutzung und Weitergabe Ihrer personenbezogenen Daten Speicherfristen Ihrer Daten Wenn Sie einen Kommentar hinterlassen, werden der Kommentar und seine Metadaten zeitlich unbegrenzt gespeichert. Dadurch werden nachfolgende Kommentare automatisch erkannt und genehmigt, anstatt sie in der Moderationswarteschlange zu belassen. F\u00fcr Nutzer, die sich auf unserer Seite registrieren (sofern m\u00f6glich), speichern wir auch die in ihrem Profil angegebenen personenbezogenen Daten. Alle Benutzer k\u00f6nnen ihre pers\u00f6nlichen Daten jederzeit einsehen, \u00e4ndern oder l\u00f6schen (mit Ausnahme ihres Benutzernamens\u00b7ice). Site-Manager k\u00f6nnen diese Informationen auch anzeigen und bearbeiten. Die Rechte, die Sie an Ihren Daten haben Wenn Sie ein Konto haben oder Kommentare auf der Website hinterlassen haben, k\u00f6nnen Sie anfordern, eine Datei mit allen personenbezogenen Daten zu erhalten, die wir \u00fcber Sie haben, einschlie\u00dflich derer, die Sie uns zur Verf\u00fcgung gestellt haben. Sie k\u00f6nnen auch die L\u00f6schung der Sie betreffenden personenbezogenen Daten verlangen. Daten, die aus administrativen, rechtlichen oder Sicherheitsgr\u00fcnden gespeichert werden, werden hiervon nicht ber\u00fccksichtigt. \u00dcbermittlung Ihrer pers\u00f6nlichen Daten Besucher-Kommentare k\u00f6nnten von einem automatisierten Dienst zur Spam-Erkennung untersucht werden. Kontaktinformationen Zus\u00e4tzliche Informationen Wie wir Ihre Daten sch\u00fctzen Verfahren im Falle eines Datenlecks Dienste von Drittanbietern, die Daten an uns \u00fcbermitteln Automatisierte Marketing- und\/oder Profilerstellungsvorg\u00e4nge, die unter Verwendung personenbezogener Daten durchgef\u00fchrt werden Anzeige von Informationen zu Sektoren, die besonderen Vorschriften unterliegen<\/p>\n","protected":false},"excerpt":{"rendered":"<p>Wer sind wir ? Unsere Website-Adresse lautet: http:\/\/viptransferparis.com. Verwendung erhobener personenbezogener Daten Kommentare Wenn Sie einen Kommentar auf unserer Website hinterlassen, werden die in das Kommentarformular eingegebenen Daten, aber auch Ihre IP-Adresse und der User-Agent Ihres Browsers erfasst, um uns zu helfen, unerw\u00fcnschte Kommentare zu erkennen. Eine anonymisierte Zeichenfolge, die aus Ihrer E-Mail-Adresse erstellt wird [&hellip;]<\/p>\n","protected":false},"author":1,"featured_media":0,"parent":0,"menu_order":0,"comment_status":"closed","ping_status":"closed","template":"","meta":{"_monsterinsights_skip_tracking":false,"_monsterinsights_sitenote_active":false,"_monsterinsights_sitenote_note":"","_monsterinsights_sitenote_category":0,"footnotes":""},"class_list":["post-8737","page","type-page","status-publish","hentry"],"aioseo_notices":[],"_links":{"self":[{"href":"https:\/\/viptransferparis.com\/de\/wp-json\/wp\/v2\/pages\/8737","targetHints":{"allow":["GET"]}}],"collection":[{"href":"https:\/\/viptransferparis.com\/de\/wp-json\/wp\/v2\/pages"}],"about":[{"href":"https:\/\/viptransferparis.com\/de\/wp-json\/wp\/v2\/types\/page"}],"author":[{"embeddable":true,"href":"https:\/\/viptransferparis.com\/de\/wp-json\/wp\/v2\/users\/1"}],"replies":[{"embeddable":true,"href":"https:\/\/viptransferparis.com\/de\/wp-json\/wp\/v2\/comments?post=8737"}],"version-history":[{"count":1,"href":"https:\/\/viptransferparis.com\/de\/wp-json\/wp\/v2\/pages\/8737\/revisions"}],"predecessor-version":[{"id":8738,"href":"https:\/\/viptransferparis.com\/de\/wp-json\/wp\/v2\/pages\/8737\/revisions\/8738"}],"wp:attachment":[{"href":"https:\/\/viptransferparis.com\/de\/wp-json\/wp\/v2\/media?parent=8737"}],"curies":[{"name":"wp","href":"https:\/\/api.w.org\/{rel}","templated":true}]}}