{"id":8571,"date":"2021-12-08T22:12:25","date_gmt":"2021-12-08T21:12:25","guid":{"rendered":"https:\/\/viptransferparis.com\/?page_id=8571"},"modified":"2021-12-27T22:50:24","modified_gmt":"2021-12-27T21:50:24","slug":"espase-affilie","status":"publish","type":"page","link":"https:\/\/viptransferparis.com\/es\/espase-affilie\/","title":{"rendered":"ESPASE AFFILIE"},"content":{"rendered":"<div class=\"wpb-content-wrapper\"><p>[vc_row][vc_column][vc_column_text]<\/p>\n<p>&nbsp;<\/p>\n<p style=\"text-align: center;\"><strong>PROGRAMA DE AFILIACI\u00d3N <\/strong><\/p>\n<p style=\"text-align: center;\">Programa de afiliaci\u00f3n para agencias de viajes, webmaster, bloguero \/ vlogger de viajes, administrador del sitio. \u00a1Venda transferencias o excursiones y gane el 10% de los beneficios de VIP TRANSFERT PARIS con cada pedido!<\/p>\n<p><strong>Registrarse:<\/strong> Despu\u00e9s de registrarse, tendr\u00e1 acceso a su cuenta personal y podr\u00e1 reservar traslados o excursiones.<\/p>\n<p><strong>Vender:<\/strong> Organizaremos un traslado o excursi\u00f3n, el cliente aprecia el servicio y usted obtiene una recompensa.<\/p>\n<p><strong>Gana:<\/strong> Transferimos la comisi\u00f3n mensualmente o puedes recibirla directamente del cliente.<\/p>\n<p><strong>Todos los cambios son visibles en su cuenta personal. \u00a1Ofrezca traslados o excursiones a sus clientes o visitantes y gane hasta un 10% del monto de cada pedido!<\/strong><\/p>\n<p>Si su actividad est\u00e1 relacionada con los viajes y el turismo, el programa de afiliados VIP TRANSFER PARIS le proporcionar\u00e1 una fuente adicional de ingresos. Vende traslados en coche o excursiones a tus visitantes y clientes y obt\u00e9n hasta el 10% del importe de cada pedido. Para comenzar a ganar dinero, todo lo que necesita hacer es registrarse en el programa de afiliados. \u00bfUn sitio web o blog \/ vlog sobre turismo y viajes? \u00bfGanas dinero vendiendo billetes de avi\u00f3n? \u00a1Ofrezca traslados o excursiones a sus clientes o visitantes y obtenga ingresos extra!<\/p>\n<p>&nbsp;<\/p>\n<div class=\"affiliates-dashboard\">\n\t\t<div class=\"affiliates-dashboard-sections\">\n\t\t\t<div class=\"affiliates-dashboard-section-links\">\n\t\t\t\t\t\t\t<div class='section-link-item login active'>\n\t\t\t\t\t<a href=\"https:\/\/viptransferparis.com\/es\/wp-json\/wp\/v2\/pages\/8571?affiliates-dashboard-section=login\">Login<\/a>\n\t\t\t\t<\/div>\n\t\t\t\t\t\t\t\t<div class='section-link-item registration '>\n\t\t\t\t\t<a href=\"https:\/\/viptransferparis.com\/es\/wp-json\/wp\/v2\/pages\/8571?affiliates-dashboard-section=registration\">Registro<\/a>\n\t\t\t\t<\/div>\n\t\t\t\t\t\t<\/div>\n\t\t\t\t<div class='affiliates-dashboard-section login'>\n\t\t\t\t<h2>Login<\/h2>\n\t<div class=\"dashboard-section dashboard-section-login\">\n\t\t<p>Con\u00e9ctese para acceder al \u00e1rea de afiliados.<\/p>\n\t\t<form name=\"loginform\" id=\"loginform\" action=\"https:\/\/viptransferparis.com\/wp-login.php\" method=\"post\"><p class=\"login-username\">\n\t\t\t\t<label for=\"user_login\">Username or Email Address<\/label>\n\t\t\t\t<input type=\"text\" name=\"log\" id=\"user_login\" autocomplete=\"username\" class=\"input\" value=\"\" size=\"20\" \/>\n\t\t\t<\/p><p class=\"login-password\">\n\t\t\t\t<label for=\"user_pass\">Password<\/label>\n\t\t\t\t<input type=\"password\" name=\"pwd\" id=\"user_pass\" autocomplete=\"current-password\" spellcheck=\"false\" class=\"input\" value=\"\" size=\"20\" \/>\n\t\t\t<\/p><p class=\"login-remember\"><label><input name=\"rememberme\" type=\"checkbox\" id=\"rememberme\" value=\"forever\" \/> Remember Me<\/label><\/p><p class=\"login-submit\">\n\t\t\t\t<input type=\"submit\" name=\"wp-submit\" id=\"wp-submit\" class=\"button button-primary\" value=\"Log In\" \/>\n\t\t\t\t<input type=\"hidden\" name=\"redirect_to\" value=\"https:\/\/viptransferparis.com\/es\/espase-affilie\/\" \/>\n\t\t\t<\/p><\/form>\t<\/div>\n<style type=\"text\/css\">\n\t.dashboard-section-login .login-username label,\n\t.dashboard-section-login .login-password label {\n\t\tdisplay: block;\n\t}\n\t.dashboard-section-login .login-username input,\n\t.dashboard-section-login .login-password input {\n\t\tmax-width: 100%;\n\t\twidth: 320px;\n\t}\n<\/style>\n\t\t<\/div>\n\t\t\t<\/div>\n\t<\/div><style type=\"text\/css\">\n.affiliates-dashboard-section-links {\n\tdisplay: flex;\n\tflex-wrap: wrap;\n\ttext-align: center;\n\tbackground-color: #f2f2f2;\n\tborder-radius: 4px;\n\tmargin: 4px;\n}\n.affiliates-dashboard-section-links .section-link-item {\n\tflex-grow: 1;\n\tcursor:\u00a0pointer;\n\tborder-bottom: 4px solid #9e9e9e;\n}\n.affiliates-dashboard-section-links .section-link-item a {\n\ttext-decoration: none;\n\tpadding: 0 0.32em;\n}\n.affiliates-dashboard-section-links .section-link-item.active {\n\tfont-weight: bold;\n\tbackground-color: #e0e0e0;\n\tborder-radius: 2px;\n\tborder-bottom: 4px solid #616161;\n}\n<\/style>\n[\/vc_column_text][\/vc_column][\/vc_row]<\/p>\n<\/div>","protected":false},"excerpt":{"rendered":"<p>[vc_row][vc_column][vc_column_text] &nbsp; PROGRAMA DE AFILIACI\u00d3N Programa de afiliaci\u00f3n para agencias de viajes, webmaster, bloguero \/ vlogger de viajes, administrador del sitio. \u00a1Venda transferencias o excursiones y gane el 10% de los beneficios de VIP TRANSFERT PARIS con cada pedido! Registrarse: Despu\u00e9s de registrarse, tendr\u00e1 acceso a su cuenta personal y podr\u00e1 reservar traslados o excursiones. [&hellip;]<\/p>\n","protected":false},"author":1,"featured_media":0,"parent":0,"menu_order":0,"comment_status":"closed","ping_status":"closed","template":"","meta":{"_monsterinsights_skip_tracking":false,"_monsterinsights_sitenote_active":false,"_monsterinsights_sitenote_note":"","_monsterinsights_sitenote_category":0,"footnotes":""},"class_list":["post-8571","page","type-page","status-publish","hentry"],"aioseo_notices":[],"_links":{"self":[{"href":"https:\/\/viptransferparis.com\/es\/wp-json\/wp\/v2\/pages\/8571","targetHints":{"allow":["GET"]}}],"collection":[{"href":"https:\/\/viptransferparis.com\/es\/wp-json\/wp\/v2\/pages"}],"about":[{"href":"https:\/\/viptransferparis.com\/es\/wp-json\/wp\/v2\/types\/page"}],"author":[{"embeddable":true,"href":"https:\/\/viptransferparis.com\/es\/wp-json\/wp\/v2\/users\/1"}],"replies":[{"embeddable":true,"href":"https:\/\/viptransferparis.com\/es\/wp-json\/wp\/v2\/comments?post=8571"}],"version-history":[{"count":1,"href":"https:\/\/viptransferparis.com\/es\/wp-json\/wp\/v2\/pages\/8571\/revisions"}],"predecessor-version":[{"id":8572,"href":"https:\/\/viptransferparis.com\/es\/wp-json\/wp\/v2\/pages\/8571\/revisions\/8572"}],"wp:attachment":[{"href":"https:\/\/viptransferparis.com\/es\/wp-json\/wp\/v2\/media?parent=8571"}],"curies":[{"name":"wp","href":"https:\/\/api.w.org\/{rel}","templated":true}]}}