{"id":8583,"date":"2020-03-07T23:47:35","date_gmt":"2020-03-07T22:47:35","guid":{"rendered":"https:\/\/viptransferparis.com\/?page_id=8583"},"modified":"2022-01-23T21:55:12","modified_gmt":"2022-01-23T20:55:12","slug":"codigo-qr","status":"publish","type":"page","link":"https:\/\/viptransferparis.com\/es\/codigo-qr\/","title":{"rendered":"C\u00d3DIGO QR"},"content":{"rendered":"<div class=\"wpb-content-wrapper\"><p>[vc_row][vc_column][vc_column_text]<\/p>\n<p>&nbsp;<\/p>\n<p>\u00a1El c\u00f3digo QR es uno de los inventos m\u00e1s c\u00f3modos en estos d\u00edas! Le permite copiar su informaci\u00f3n a su tel\u00e9fono (oa otro dispositivo m\u00f3vil, como una tableta) en segundos. La \u00fanica condici\u00f3n es que debe haber una c\u00e1mara de fotos y un software lector de c\u00f3digos QR especial en su terminal.<\/p>\n<p>PROGRAMAS DE LECTURA DE C\u00d3DIGOS QR<\/p>\n<p>Si est\u00e1 utilizando su tel\u00e9fono con el sistema operativo Android, puede descargar el software para leer el c\u00f3digo QR desde Google Play o Android Market. Para hacer esto, ingrese la palabra &#8216;c\u00f3digo QR&#8217; en el tel\u00e9fono en la ventana de b\u00fasqueda de la tienda. Se abre la p\u00e1gina con QR Droid, puedes descargarla, es gratis. Si tiene un iPhone o iPad, debe buscar la utilidad del lector de c\u00f3digos QR en la App Store (integrada en el tel\u00e9fono).<\/p>\n<p><img loading=\"lazy\" decoding=\"async\" class=\"alignnone size-full wp-image-7579 aligncenter\" src=\"https:\/\/viptransferparis.com\/wp-content\/uploads\/2020\/03\/qr-code.jpg\" alt=\"\" width=\"148\" height=\"148\" srcset=\"https:\/\/viptransferparis.com\/wp-content\/uploads\/2020\/03\/qr-code.jpg 148w, https:\/\/viptransferparis.com\/wp-content\/uploads\/2020\/03\/qr-code-100x100.jpg 100w\" sizes=\"auto, (max-width: 148px) 100vw, 148px\" \/><\/p>\n<p>&nbsp;<\/p>\n<p>[\/vc_column_text][\/vc_column][\/vc_row]<\/p>\n<\/div>","protected":false},"excerpt":{"rendered":"<p>[vc_row][vc_column][vc_column_text] &nbsp; \u00a1El c\u00f3digo QR es uno de los inventos m\u00e1s c\u00f3modos en estos d\u00edas! Le permite copiar su informaci\u00f3n a su tel\u00e9fono (oa otro dispositivo m\u00f3vil, como una tableta) en segundos. La \u00fanica condici\u00f3n es que debe haber una c\u00e1mara de fotos y un software lector de c\u00f3digos QR especial en su terminal. PROGRAMAS [&hellip;]<\/p>\n","protected":false},"author":1,"featured_media":0,"parent":0,"menu_order":0,"comment_status":"closed","ping_status":"closed","template":"","meta":{"_monsterinsights_skip_tracking":false,"_monsterinsights_sitenote_active":false,"_monsterinsights_sitenote_note":"","_monsterinsights_sitenote_category":0,"footnotes":""},"class_list":["post-8583","page","type-page","status-publish","hentry"],"aioseo_notices":[],"_links":{"self":[{"href":"https:\/\/viptransferparis.com\/es\/wp-json\/wp\/v2\/pages\/8583","targetHints":{"allow":["GET"]}}],"collection":[{"href":"https:\/\/viptransferparis.com\/es\/wp-json\/wp\/v2\/pages"}],"about":[{"href":"https:\/\/viptransferparis.com\/es\/wp-json\/wp\/v2\/types\/page"}],"author":[{"embeddable":true,"href":"https:\/\/viptransferparis.com\/es\/wp-json\/wp\/v2\/users\/1"}],"replies":[{"embeddable":true,"href":"https:\/\/viptransferparis.com\/es\/wp-json\/wp\/v2\/comments?post=8583"}],"version-history":[{"count":2,"href":"https:\/\/viptransferparis.com\/es\/wp-json\/wp\/v2\/pages\/8583\/revisions"}],"predecessor-version":[{"id":8630,"href":"https:\/\/viptransferparis.com\/es\/wp-json\/wp\/v2\/pages\/8583\/revisions\/8630"}],"wp:attachment":[{"href":"https:\/\/viptransferparis.com\/es\/wp-json\/wp\/v2\/media?parent=8583"}],"curies":[{"name":"wp","href":"https:\/\/api.w.org\/{rel}","templated":true}]}}