{"id":8586,"date":"2018-11-15T17:30:59","date_gmt":"2018-11-15T16:30:59","guid":{"rendered":"https:\/\/viptransferparis.com\/?page_id=8586"},"modified":"2021-12-27T23:09:59","modified_gmt":"2021-12-27T22:09:59","slug":"politica-de-confidencialidad","status":"publish","type":"page","link":"https:\/\/viptransferparis.com\/es\/politica-de-confidencialidad\/","title":{"rendered":"Pol\u00edtica de confidencialidad"},"content":{"rendered":"<p>Qui\u00e9nes somos ?<\/p>\n<p>La direcci\u00f3n de nuestro sitio web es: http:\/\/viptransferparis.com. Uso de los datos personales recopilados Comentarios Cuando deja un comentario en nuestro sitio web, los datos ingresados \u200b\u200ben el formulario de comentarios, as\u00ed como su direcci\u00f3n IP y el agente de usuario de su navegador se recopilan para ayudarnos a detectar comentarios no deseados. Se puede enviar un canal an\u00f3nimo creado a partir de su direcci\u00f3n de correo electr\u00f3nico (tambi\u00e9n llamado hash) al servicio Gravatar para verificar si est\u00e1 utilizando el servicio. Las cl\u00e1usulas de confidencialidad del servicio Gravatar est\u00e1n disponibles aqu\u00ed: https:\/\/automattic.com\/privacy\/. Despu\u00e9s de la validaci\u00f3n de su comentario, su foto de perfil ser\u00e1 visible p\u00fablicamente junto a su comentario. Medios Si es un usuario registrado y carga im\u00e1genes en el sitio web, le recomendamos que evite cargar im\u00e1genes que contengan datos de coordenadas GPS EXIF. Los visitantes de su sitio web pueden descargar y extraer datos de ubicaci\u00f3n de estas im\u00e1genes. Formularios de contacto Cookies Si deja un comentario en nuestro sitio, se le ofrecer\u00e1 guardar su nombre, direcci\u00f3n de correo electr\u00f3nico y sitio web en cookies. Esto es solo para su conveniencia, de modo que no tenga que ingresar esta informaci\u00f3n si publica otro comentario m\u00e1s tarde. Estas cookies caducan despu\u00e9s de un a\u00f1o. Si tiene una cuenta e inicia sesi\u00f3n en este sitio, se crear\u00e1 una cookie temporal para determinar si su navegador acepta cookies. No contiene ning\u00fan dato personal y se eliminar\u00e1 autom\u00e1ticamente cuando cierre su navegador. Cuando inicie sesi\u00f3n, configuraremos una serie de cookies para guardar su informaci\u00f3n de inicio de sesi\u00f3n y sus preferencias de pantalla. La vida \u00fatil de una cookie de inicio de sesi\u00f3n es de dos d\u00edas, la de una cookie de opci\u00f3n de pantalla es de un a\u00f1o. Si marca &#8216;Recordarme&#8217;, su cookie de conexi\u00f3n se conservar\u00e1 durante dos semanas. Si cierra sesi\u00f3n en su cuenta, la cookie de conexi\u00f3n se eliminar\u00e1. Al modificar o publicar una publicaci\u00f3n, se guardar\u00e1 una cookie adicional en su navegador. Esta cookie no incluye ning\u00fan dato personal. Solo muestra el ID de la publicaci\u00f3n que acaba de editar. Caduca despu\u00e9s de un d\u00eda. Contenido incrustado de otros sitios Los art\u00edculos de este sitio pueden incluir contenido incrustado (por ejemplo, videos, im\u00e1genes, art\u00edculos, etc.). El contenido incrustado de otros sitios se comporta de la misma manera que si el visitante estuviera en ese otro sitio. Estos sitios web pueden recopilar datos sobre usted, utilizar cookies, incorporar herramientas de seguimiento de terceros, realizar un seguimiento de sus interacciones con este contenido integrado si tiene una cuenta iniciada en su sitio web. Estad\u00edsticas y mediciones de audiencia Uso y transmisi\u00f3n de sus datos personales Cu\u00e1nto tiempo se almacenan sus datos Si deja un comentario, el comentario y sus metadatos se guardan indefinidamente. Esto permite que los comentarios posteriores sean reconocidos y aprobados autom\u00e1ticamente en lugar de dejarlos en la cola de moderaci\u00f3n. Para los usuarios que se registran en nuestro sitio (si es posible), tambi\u00e9n almacenamos los datos personales indicados en su perfil. Todos los usuarios pueden ver, editar o eliminar su informaci\u00f3n personal en cualquier momento (excepto su nombre de usuario ice). Los administradores del sitio tambi\u00e9n pueden ver y editar esta informaci\u00f3n. Los derechos que tiene sobre sus datos Si tiene una cuenta o si ha dejado comentarios en el sitio, puede solicitar recibir un archivo que contenga todos los datos personales que tenemos sobre usted, incluidos los que nos ha proporcionado. Tambi\u00e9n puede solicitar la eliminaci\u00f3n de los datos personales que le conciernen. Esto no tiene en cuenta los datos almacenados por razones administrativas, legales o de seguridad. Transmisi\u00f3n de sus datos personales Los comentarios de los visitantes se pueden comprobar mediante un servicio de detecci\u00f3n autom\u00e1tica de spam. Informaci\u00f3n de contacto Informaci\u00f3n adicional C\u00f3mo protegemos sus datos Procedimientos implementados en caso de violaci\u00f3n de datos Servicios de terceros que nos env\u00edan datos Operaciones automatizadas de marketing y \/ o elaboraci\u00f3n de perfiles realizadas con datos personales Visualizaci\u00f3n de informaci\u00f3n relacionada con sectores sujetos a normativas espec\u00edficas<\/p>\n","protected":false},"excerpt":{"rendered":"<p>Qui\u00e9nes somos ? La direcci\u00f3n de nuestro sitio web es: http:\/\/viptransferparis.com. Uso de los datos personales recopilados Comentarios Cuando deja un comentario en nuestro sitio web, los datos ingresados \u200b\u200ben el formulario de comentarios, as\u00ed como su direcci\u00f3n IP y el agente de usuario de su navegador se recopilan para ayudarnos a detectar comentarios no [&hellip;]<\/p>\n","protected":false},"author":1,"featured_media":0,"parent":0,"menu_order":0,"comment_status":"closed","ping_status":"closed","template":"","meta":{"_monsterinsights_skip_tracking":false,"_monsterinsights_sitenote_active":false,"_monsterinsights_sitenote_note":"","_monsterinsights_sitenote_category":0,"footnotes":""},"class_list":["post-8586","page","type-page","status-publish","hentry"],"aioseo_notices":[],"_links":{"self":[{"href":"https:\/\/viptransferparis.com\/es\/wp-json\/wp\/v2\/pages\/8586","targetHints":{"allow":["GET"]}}],"collection":[{"href":"https:\/\/viptransferparis.com\/es\/wp-json\/wp\/v2\/pages"}],"about":[{"href":"https:\/\/viptransferparis.com\/es\/wp-json\/wp\/v2\/types\/page"}],"author":[{"embeddable":true,"href":"https:\/\/viptransferparis.com\/es\/wp-json\/wp\/v2\/users\/1"}],"replies":[{"embeddable":true,"href":"https:\/\/viptransferparis.com\/es\/wp-json\/wp\/v2\/comments?post=8586"}],"version-history":[{"count":2,"href":"https:\/\/viptransferparis.com\/es\/wp-json\/wp\/v2\/pages\/8586\/revisions"}],"predecessor-version":[{"id":8588,"href":"https:\/\/viptransferparis.com\/es\/wp-json\/wp\/v2\/pages\/8586\/revisions\/8588"}],"wp:attachment":[{"href":"https:\/\/viptransferparis.com\/es\/wp-json\/wp\/v2\/media?parent=8586"}],"curies":[{"name":"wp","href":"https:\/\/api.w.org\/{rel}","templated":true}]}}