{"id":8625,"date":"2020-03-07T23:47:35","date_gmt":"2020-03-07T22:47:35","guid":{"rendered":"https:\/\/viptransferparis.com\/?page_id=8625"},"modified":"2022-01-23T21:53:05","modified_gmt":"2022-01-23T20:53:05","slug":"qr-code","status":"publish","type":"page","link":"https:\/\/viptransferparis.com\/it\/qr-code\/","title":{"rendered":"QR CODE"},"content":{"rendered":"<div class=\"wpb-content-wrapper\"><p>[vc_row][vc_column][vc_column_text]<\/p>\n<p>&nbsp;<\/p>\n<p>Il codice QR \u00e8 una delle invenzioni pi\u00f9 comode al giorno d&#8217;oggi! Ti consente di copiare le tue informazioni sul telefono (o su un altro dispositivo mobile, come un tablet) in pochi secondi. L&#8217;unica condizione \u00e8 che sul terminale ci sia una macchina fotografica e uno speciale software per la lettura di codici QR.<\/p>\n<p>&nbsp;<\/p>\n<p>PROGRAMMI DI LETTURA DI CODICI QR<\/p>\n<p>Se utilizzi il tuo telefono con sistema operativo Android, puoi scaricare il software per leggere il codice QR da Google Play o Android Market. Per fare ci\u00f2, inserisci la parola &#8216;codice QR&#8217; nel telefono nella finestra di ricerca del negozio. Si apre la pagina con QR Droid, puoi scaricarla, \u00e8 gratuita. Se hai un iPhone o un iPad, \u00e8 necessario cercare l&#8217;utilit\u00e0 di lettura del codice QR nell&#8217;App Store (integrata nel telefono).<\/p>\n<p>&nbsp;<\/p>\n<p>&nbsp;<\/p>\n<p><img loading=\"lazy\" decoding=\"async\" class=\"alignnone size-full wp-image-7579 aligncenter\" src=\"https:\/\/viptransferparis.com\/wp-content\/uploads\/2020\/03\/qr-code.jpg\" alt=\"\" width=\"148\" height=\"148\" srcset=\"https:\/\/viptransferparis.com\/wp-content\/uploads\/2020\/03\/qr-code.jpg 148w, https:\/\/viptransferparis.com\/wp-content\/uploads\/2020\/03\/qr-code-100x100.jpg 100w\" sizes=\"auto, (max-width: 148px) 100vw, 148px\" \/>[\/vc_column_text][\/vc_column][\/vc_row]<\/p>\n<\/div>","protected":false},"excerpt":{"rendered":"<p>[vc_row][vc_column][vc_column_text] &nbsp; Il codice QR \u00e8 una delle invenzioni pi\u00f9 comode al giorno d&#8217;oggi! Ti consente di copiare le tue informazioni sul telefono (o su un altro dispositivo mobile, come un tablet) in pochi secondi. L&#8217;unica condizione \u00e8 che sul terminale ci sia una macchina fotografica e uno speciale software per la lettura di codici [&hellip;]<\/p>\n","protected":false},"author":1,"featured_media":0,"parent":0,"menu_order":0,"comment_status":"closed","ping_status":"closed","template":"","meta":{"_monsterinsights_skip_tracking":false,"_monsterinsights_sitenote_active":false,"_monsterinsights_sitenote_note":"","_monsterinsights_sitenote_category":0,"footnotes":""},"class_list":["post-8625","page","type-page","status-publish","hentry"],"aioseo_notices":[],"_links":{"self":[{"href":"https:\/\/viptransferparis.com\/it\/wp-json\/wp\/v2\/pages\/8625","targetHints":{"allow":["GET"]}}],"collection":[{"href":"https:\/\/viptransferparis.com\/it\/wp-json\/wp\/v2\/pages"}],"about":[{"href":"https:\/\/viptransferparis.com\/it\/wp-json\/wp\/v2\/types\/page"}],"author":[{"embeddable":true,"href":"https:\/\/viptransferparis.com\/it\/wp-json\/wp\/v2\/users\/1"}],"replies":[{"embeddable":true,"href":"https:\/\/viptransferparis.com\/it\/wp-json\/wp\/v2\/comments?post=8625"}],"version-history":[{"count":1,"href":"https:\/\/viptransferparis.com\/it\/wp-json\/wp\/v2\/pages\/8625\/revisions"}],"predecessor-version":[{"id":8628,"href":"https:\/\/viptransferparis.com\/it\/wp-json\/wp\/v2\/pages\/8625\/revisions\/8628"}],"wp:attachment":[{"href":"https:\/\/viptransferparis.com\/it\/wp-json\/wp\/v2\/media?parent=8625"}],"curies":[{"name":"wp","href":"https:\/\/api.w.org\/{rel}","templated":true}]}}