{"id":8636,"date":"2021-12-08T22:12:25","date_gmt":"2021-12-08T21:12:25","guid":{"rendered":"https:\/\/viptransferparis.com\/?page_id=8636"},"modified":"2022-01-23T22:56:51","modified_gmt":"2022-01-23T21:56:51","slug":"affiliata-espase","status":"publish","type":"page","link":"https:\/\/viptransferparis.com\/it\/affiliata-espase\/","title":{"rendered":"AFFILIATA ESPASE"},"content":{"rendered":"<div class=\"wpb-content-wrapper\"><p>[vc_row][vc_column][vc_column_text]<\/p>\n<p style=\"text-align: center;\"><strong>PROGRAMMA AFFILIATO<\/strong><\/p>\n<p style=\"text-align: center;\">Programma di affiliazione per agenzie di viaggio, webmaster, blogger di viaggi \/ vlogger, amministratore del sito! Vendi bonifici o escursioni e guadagna il 10% del profitto VIP TRANSFERT PARIS con ogni ordine!<\/p>\n<p><strong>Registrati:<\/strong> Dopo la registrazione avrai accesso al tuo account personale e potrai prenotare trasferimenti o escursioni.<\/p>\n<p><strong>Vendita:<\/strong> organizzeremo un trasferimento o un&#8217;escursione, il cliente apprezza il servizio e tu riceverai una ricompensa.<\/p>\n<p><strong>Guadagna:<\/strong> Trasferiamo la commissione mensilmente oppure puoi riceverla direttamente dal cliente. Tutte le modifiche sono visibili nel tuo account personale.<\/p>\n<p style=\"text-align: center;\">Offri trasferimenti o escursioni ai tuoi clienti o visitatori e guadagna fino al 10% dell&#8217;importo di ogni ordine!<\/p>\n<p style=\"text-align: center;\">Se la tua attivit\u00e0 \u00e8 legata ai viaggi e al turismo, il programma di affiliazione VIP TRANSFER PARIS ti fornir\u00e0 un&#8217;ulteriore fonte di reddito.<\/p>\n<p style=\"text-align: center;\">Vendi trasferimenti in auto o escursioni ai tuoi visitatori e clienti e ricevi fino al 10% dell&#8217;importo di ogni ordine. Per iniziare a guadagnare denaro, tutto ci\u00f2 che devi fare \u00e8 iscriverti al programma di affiliazione.<\/p>\n<p style=\"text-align: center;\">Un sito web o un blog\/vlog su turismo e viaggi? Guadagni vendendo biglietti aerei? Offri trasferimenti o escursioni ai tuoi clienti o visitatori e ottieni entrate aggiuntive!<\/p>\n<div class=\"affiliates-dashboard\">\n\t\t<div class=\"affiliates-dashboard-sections\">\n\t\t\t<div class=\"affiliates-dashboard-section-links\">\n\t\t\t\t\t\t\t<div class='section-link-item login active'>\n\t\t\t\t\t<a href=\"https:\/\/viptransferparis.com\/it\/wp-json\/wp\/v2\/pages\/8636?affiliates-dashboard-section=login\">Login<\/a>\n\t\t\t\t<\/div>\n\t\t\t\t\t\t\t\t<div class='section-link-item registration '>\n\t\t\t\t\t<a href=\"https:\/\/viptransferparis.com\/it\/wp-json\/wp\/v2\/pages\/8636?affiliates-dashboard-section=registration\">Registration<\/a>\n\t\t\t\t<\/div>\n\t\t\t\t\t\t<\/div>\n\t\t\t\t<div class='affiliates-dashboard-section login'>\n\t\t\t\t<h2>Login<\/h2>\n\t<div class=\"dashboard-section dashboard-section-login\">\n\t\t<p>Effettua il login per accedere all&#039;area affiliati.<\/p>\n\t\t<form name=\"loginform\" id=\"loginform\" action=\"https:\/\/viptransferparis.com\/wp-login.php\" method=\"post\"><p class=\"login-username\">\n\t\t\t\t<label for=\"user_login\">Username or Email Address<\/label>\n\t\t\t\t<input type=\"text\" name=\"log\" id=\"user_login\" autocomplete=\"username\" class=\"input\" value=\"\" size=\"20\" \/>\n\t\t\t<\/p><p class=\"login-password\">\n\t\t\t\t<label for=\"user_pass\">Password<\/label>\n\t\t\t\t<input type=\"password\" name=\"pwd\" id=\"user_pass\" autocomplete=\"current-password\" spellcheck=\"false\" class=\"input\" value=\"\" size=\"20\" \/>\n\t\t\t<\/p><p class=\"login-remember\"><label><input name=\"rememberme\" type=\"checkbox\" id=\"rememberme\" value=\"forever\" \/> Remember Me<\/label><\/p><p class=\"login-submit\">\n\t\t\t\t<input type=\"submit\" name=\"wp-submit\" id=\"wp-submit\" class=\"button button-primary\" value=\"Log In\" \/>\n\t\t\t\t<input type=\"hidden\" name=\"redirect_to\" value=\"https:\/\/viptransferparis.com\/it\/affiliata-espase\/\" \/>\n\t\t\t<\/p><\/form>\t<\/div>\n<style type=\"text\/css\">\n\t.dashboard-section-login .login-username label,\n\t.dashboard-section-login .login-password label {\n\t\tdisplay: block;\n\t}\n\t.dashboard-section-login .login-username input,\n\t.dashboard-section-login .login-password input {\n\t\tmax-width: 100%;\n\t\twidth: 320px;\n\t}\n<\/style>\n\t\t<\/div>\n\t\t\t<\/div>\n\t<\/div><style type=\"text\/css\">\n.affiliates-dashboard-section-links {\n\tdisplay: flex;\n\tflex-wrap: wrap;\n\ttext-align: center;\n\tbackground-color: #f2f2f2;\n\tborder-radius: 4px;\n\tmargin: 4px;\n}\n.affiliates-dashboard-section-links .section-link-item {\n\tflex-grow: 1;\n\tcursor:\u00a0pointer;\n\tborder-bottom: 4px solid #9e9e9e;\n}\n.affiliates-dashboard-section-links .section-link-item a {\n\ttext-decoration: none;\n\tpadding: 0 0.32em;\n}\n.affiliates-dashboard-section-links .section-link-item.active {\n\tfont-weight: bold;\n\tbackground-color: #e0e0e0;\n\tborder-radius: 2px;\n\tborder-bottom: 4px solid #616161;\n}\n<\/style>\n[\/vc_column_text][\/vc_column][\/vc_row]<\/p>\n<\/div>","protected":false},"excerpt":{"rendered":"<p>[vc_row][vc_column][vc_column_text] PROGRAMMA AFFILIATO Programma di affiliazione per agenzie di viaggio, webmaster, blogger di viaggi \/ vlogger, amministratore del sito! Vendi bonifici o escursioni e guadagna il 10% del profitto VIP TRANSFERT PARIS con ogni ordine! Registrati: Dopo la registrazione avrai accesso al tuo account personale e potrai prenotare trasferimenti o escursioni. Vendita: organizzeremo un trasferimento [&hellip;]<\/p>\n","protected":false},"author":1,"featured_media":0,"parent":0,"menu_order":0,"comment_status":"closed","ping_status":"closed","template":"","meta":{"_monsterinsights_skip_tracking":false,"_monsterinsights_sitenote_active":false,"_monsterinsights_sitenote_note":"","_monsterinsights_sitenote_category":0,"footnotes":""},"class_list":["post-8636","page","type-page","status-publish","hentry"],"aioseo_notices":[],"_links":{"self":[{"href":"https:\/\/viptransferparis.com\/it\/wp-json\/wp\/v2\/pages\/8636","targetHints":{"allow":["GET"]}}],"collection":[{"href":"https:\/\/viptransferparis.com\/it\/wp-json\/wp\/v2\/pages"}],"about":[{"href":"https:\/\/viptransferparis.com\/it\/wp-json\/wp\/v2\/types\/page"}],"author":[{"embeddable":true,"href":"https:\/\/viptransferparis.com\/it\/wp-json\/wp\/v2\/users\/1"}],"replies":[{"embeddable":true,"href":"https:\/\/viptransferparis.com\/it\/wp-json\/wp\/v2\/comments?post=8636"}],"version-history":[{"count":1,"href":"https:\/\/viptransferparis.com\/it\/wp-json\/wp\/v2\/pages\/8636\/revisions"}],"predecessor-version":[{"id":8637,"href":"https:\/\/viptransferparis.com\/it\/wp-json\/wp\/v2\/pages\/8636\/revisions\/8637"}],"wp:attachment":[{"href":"https:\/\/viptransferparis.com\/it\/wp-json\/wp\/v2\/media?parent=8636"}],"curies":[{"name":"wp","href":"https:\/\/api.w.org\/{rel}","templated":true}]}}